{"id":659,"date":"2021-07-13T06:28:52","date_gmt":"2021-07-13T06:28:52","guid":{"rendered":"https:\/\/uft.ro\/mma\/?page_id=659"},"modified":"2021-07-22T08:36:50","modified_gmt":"2021-07-22T08:36:50","slug":"despre","status":"publish","type":"page","link":"https:\/\/uft.ro\/mma\/despre\/","title":{"rendered":"Despre"},"content":{"rendered":"\n<h2 class=\"wp-block-heading\">Despre Ultimate Fighting Tournament<\/h2>\n\n\n\n<div class=\"wp-block-image is-style-rounded\"><figure class=\"alignleft size-full is-resized\"><img decoding=\"async\" loading=\"lazy\" src=\"https:\/\/uft.ro\/mma\/wp-content\/uploads\/2021\/07\/haidu.jpg\" alt=\"Haidu Sebastian Ioan - CEO UFT\" class=\"wp-image-780\" width=\"500\" height=\"243\" srcset=\"https:\/\/uft.ro\/mma\/wp-content\/uploads\/2021\/07\/haidu.jpg 1000w, https:\/\/uft.ro\/mma\/wp-content\/uploads\/2021\/07\/haidu-300x146.jpg 300w, https:\/\/uft.ro\/mma\/wp-content\/uploads\/2021\/07\/haidu-768x372.jpg 768w\" sizes=\"(max-width: 500px) 100vw, 500px\" \/><figcaption>Haidu Sebastian Ioan &#8211; CEO UFT<\/figcaption><\/figure><\/div>\n\n\n\n<p>Promo\u021bia UFT &#8211; Ultimate Fighting Tournament a fost \u00eenfiin\u021bat\u0103 \u00een anul 2012 de Haidu Sebastian-Ioan, Maestru Emerit al Sportului \u00een arte mar\u021biale. <\/p>\n\n\n\n<p>Haidu Sebastian este practicant de arte mar\u021biale in anul 1990, este multiplu Campion Na\u021bional, Interna\u021bional, European \u0219i Mondial la Karate. Dup\u0103 terminarea carierei de sportiv de performan\u021b\u0103 Sebastian a \u00eenfiin\u021bat Clubul Sportiv MMA Transilvania, club specializat pe artele mar\u021biale mixte. Pentru a da o \u0219ans\u0103 de promovare mult mai rapid\u0103 lupt\u0103torilor din Cluj, Transilvania si din \u021bar\u0103, pentru a oferi un cadru spectaculos \u0219i atractiv publicului a fost nevoie de apari\u021bia acestei promo\u021bii. \u00cen SUA \u0219i Asia astfel de evenimente reunesc un public de peste 100.000 de persoane la un singur eveniment.<\/p>\n\n\n\n<p>Galele UFT se de\u0219f\u0103\u0219oar\u0103 \u00een cu\u0219c\u0103 oferind cele mai intense emo\u021bii pentru to\u021bi cei afla\u021bi \u00een public. Lupt\u0103torii beneficiaz\u0103 de o expunere excep\u021bional\u0103, av\u00e2nd \u0219ansa s\u0103 demonstreze c\u0103 sunt cei mai buni. Pe l\u00e2ng\u0103 luptele propriuzise, pline de suspans \u0219i adrenalin\u0103, UFT pune \u00een scen\u0103 un spectacol de sunet, lumini al\u0103turi de imaginile pline de impact de pe ecranele led, la defilarea fiec\u0103rui sportiv spre &#8220;ringul&#8221; de lupt\u0103. Animatoarele \u0219i hostesele completeaz\u0103 cadrul perfect pentru o sear\u0103 excep\u021bional\u0103 pe care fiecare dintre voi o poate experimenta la evenimentele UFT &#8211; Ultimate Fighting Tournament.<\/p>\n\n\n\n<p><strong>About UFT &#8211; Ultimate Fighting Tournament<\/strong><\/p>\n\n\n\n<p><strong>Ultimate Fighting Tournament <\/strong><\/p>\n\n\n\n<p>The Ultimate Fighting Tournament promotion was founded by <strong>Haidu Sebastian-Ioan<\/strong> in October 2012. <strong>UFT<\/strong> is the first and only promotion from Romania who promotes both, mma and kickbox fights in \u2018The Cage\u2019! UFT tryes to find the best fighters in the country and give them the chance to evolve to a higher level. <\/p>\n\n\n\n<p>UFT is not just a sporting event is an Emotion , a SuperShow , a Sensational Spectacle of Sound , Animation and Lighting. All these aspects come to support all the work of coaches , players, referees and staff and give them and their public the greatest satisfaction. <\/p>\n\n\n\n<p><strong>Ultimate Fighting Tournament<\/strong> supports all martial arts clubs that have well-trained athletes and want to promote them in<strong> MMA<\/strong> and <strong>Kickboxing<\/strong> professional events. <\/p>\n\n\n\n<p>Sports clubs can send an email with all athletes informations (name, age, date of birth, weight , height, fights record, etc.) at contact@uft.ro and UFT will contact you to give you all the details of the next events in which athletes can participate.<\/p>\n","protected":false},"excerpt":{"rendered":"<p>Despre Ultimate Fighting Tournament Promo\u021bia UFT &#8211; Ultimate Fighting Tournament a fost \u00eenfiin\u021bat\u0103 \u00een anul 2012 de Haidu Sebastian-Ioan, Maestru Emerit al Sportului \u00een arte mar\u021biale. Haidu Sebastian este practicant de arte mar\u021biale in anul 1990, este multiplu Campion Na\u021bional, Interna\u021bional, European \u0219i Mondial la Karate. Dup\u0103 terminarea carierei de sportiv de performan\u021b\u0103 Sebastian a \u00eenfiin\u021bat Clubul Sportiv MMA Transilvania, club specializat pe artele mar\u021biale mixte. Pentru a da o \u0219ans\u0103 de promovare mult mai rapid\u0103 lupt\u0103torilor din Cluj, Transilvania si din \u021bar\u0103, pentru a oferi un cadru spectaculos \u0219i atractiv publicului a fost nevoie de apari\u021bia acestei promo\u021bii. \u00cen SUA \u0219i Asia astfel de evenimente reunesc un public de peste 100.000 de persoane la un singur eveniment. Galele UFT [&hellip;]<\/p>\n","protected":false},"author":1,"featured_media":660,"parent":0,"menu_order":0,"comment_status":"closed","ping_status":"closed","template":"","meta":[],"aioseo_notices":[],"yoast_head":"<!-- This site is optimized with the Yoast SEO plugin v21.8.1 - https:\/\/yoast.com\/wordpress\/plugins\/seo\/ -->\n<title>Despre - UFT Ultimate Fighting Tournament MMA Romania<\/title>\n<meta name=\"robots\" content=\"index, follow, max-snippet:-1, max-image-preview:large, max-video-preview:-1\" \/>\n<link rel=\"canonical\" href=\"https:\/\/uft.ro\/mma\/despre\/\" \/>\n<meta property=\"og:locale\" content=\"en_US\" \/>\n<meta property=\"og:type\" content=\"article\" \/>\n<meta property=\"og:title\" content=\"Despre - UFT Ultimate Fighting Tournament MMA Romania\" \/>\n<meta property=\"og:description\" content=\"Despre Ultimate Fighting Tournament Promo\u021bia UFT &#8211; Ultimate Fighting Tournament a fost \u00eenfiin\u021bat\u0103 \u00een anul 2012 de Haidu Sebastian-Ioan, Maestru Emerit al Sportului \u00een arte mar\u021biale. Haidu Sebastian este practicant de arte mar\u021biale in anul 1990, este multiplu Campion Na\u021bional, Interna\u021bional, European \u0219i Mondial la Karate. Dup\u0103 terminarea carierei de sportiv de performan\u021b\u0103 Sebastian a \u00eenfiin\u021bat Clubul Sportiv MMA Transilvania, club specializat pe artele mar\u021biale mixte. Pentru a da o \u0219ans\u0103 de promovare mult mai rapid\u0103 lupt\u0103torilor din Cluj, Transilvania si din \u021bar\u0103, pentru a oferi un cadru spectaculos \u0219i atractiv publicului a fost nevoie de apari\u021bia acestei promo\u021bii. \u00cen SUA \u0219i Asia astfel de evenimente reunesc un public de peste 100.000 de persoane la un singur eveniment. Galele UFT [&hellip;]\" \/>\n<meta property=\"og:url\" content=\"https:\/\/uft.ro\/mma\/despre\/\" \/>\n<meta property=\"og:site_name\" content=\"UFT Ultimate Fighting Tournament MMA Romania\" \/>\n<meta property=\"article:publisher\" content=\"https:\/\/www.facebook.com\/UFT.ro\" \/>\n<meta property=\"article:modified_time\" content=\"2021-07-22T08:36:50+00:00\" \/>\n<meta property=\"og:image\" content=\"https:\/\/uft.ro\/mma\/wp-content\/uploads\/2021\/07\/ION-SURDU-UFT-4-of-84-scaled.jpg\" \/>\n\t<meta property=\"og:image:width\" content=\"2560\" \/>\n\t<meta property=\"og:image:height\" content=\"1709\" \/>\n\t<meta property=\"og:image:type\" content=\"image\/jpeg\" \/>\n<meta name=\"twitter:card\" content=\"summary_large_image\" \/>\n<meta name=\"twitter:label1\" content=\"Est. reading time\" \/>\n\t<meta name=\"twitter:data1\" content=\"2 minutes\" \/>\n<script type=\"application\/ld+json\" class=\"yoast-schema-graph\">{\"@context\":\"https:\/\/schema.org\",\"@graph\":[{\"@type\":\"WebPage\",\"@id\":\"https:\/\/uft.ro\/mma\/despre\/\",\"url\":\"https:\/\/uft.ro\/mma\/despre\/\",\"name\":\"Despre - UFT Ultimate Fighting Tournament MMA Romania\",\"isPartOf\":{\"@id\":\"https:\/\/uft.ro\/mma\/#website\"},\"datePublished\":\"2021-07-13T06:28:52+00:00\",\"dateModified\":\"2021-07-22T08:36:50+00:00\",\"breadcrumb\":{\"@id\":\"https:\/\/uft.ro\/mma\/despre\/#breadcrumb\"},\"inLanguage\":\"en-US\",\"potentialAction\":[{\"@type\":\"ReadAction\",\"target\":[\"https:\/\/uft.ro\/mma\/despre\/\"]}]},{\"@type\":\"BreadcrumbList\",\"@id\":\"https:\/\/uft.ro\/mma\/despre\/#breadcrumb\",\"itemListElement\":[{\"@type\":\"ListItem\",\"position\":1,\"name\":\"Home\",\"item\":\"https:\/\/uft.ro\/mma\/\"},{\"@type\":\"ListItem\",\"position\":2,\"name\":\"Despre\"}]},{\"@type\":\"WebSite\",\"@id\":\"https:\/\/uft.ro\/mma\/#website\",\"url\":\"https:\/\/uft.ro\/mma\/\",\"name\":\"UFT Ultimate Fighting Tournament MMA Romania\",\"description\":\"MMA, Kickboxing and Grappling PRO Cage Events in Transylvania, Romania\",\"publisher\":{\"@id\":\"https:\/\/uft.ro\/mma\/#organization\"},\"potentialAction\":[{\"@type\":\"SearchAction\",\"target\":{\"@type\":\"EntryPoint\",\"urlTemplate\":\"https:\/\/uft.ro\/mma\/?s={search_term_string}\"},\"query-input\":\"required name=search_term_string\"}],\"inLanguage\":\"en-US\"},{\"@type\":\"Organization\",\"@id\":\"https:\/\/uft.ro\/mma\/#organization\",\"name\":\"UFT Ultimate Fighting Tournament MMA Romania\",\"url\":\"https:\/\/uft.ro\/mma\/\",\"logo\":{\"@type\":\"ImageObject\",\"inLanguage\":\"en-US\",\"@id\":\"https:\/\/uft.ro\/mma\/#\/schema\/logo\/image\/\",\"url\":\"https:\/\/uft.ro\/mma\/wp-content\/uploads\/2022\/11\/logo-uft-png.png\",\"contentUrl\":\"https:\/\/uft.ro\/mma\/wp-content\/uploads\/2022\/11\/logo-uft-png.png\",\"width\":600,\"height\":600,\"caption\":\"UFT Ultimate Fighting Tournament MMA Romania\"},\"image\":{\"@id\":\"https:\/\/uft.ro\/mma\/#\/schema\/logo\/image\/\"},\"sameAs\":[\"https:\/\/www.facebook.com\/UFT.ro\",\"https:\/\/www.youtube.com\/c\/UFTULTIMATEFIGHTINGTOURNAMENTMMARomania\"]}]}<\/script>\n<!-- \/ Yoast SEO plugin. -->","yoast_head_json":{"title":"Despre - UFT Ultimate Fighting Tournament MMA Romania","robots":{"index":"index","follow":"follow","max-snippet":"max-snippet:-1","max-image-preview":"max-image-preview:large","max-video-preview":"max-video-preview:-1"},"canonical":"https:\/\/uft.ro\/mma\/despre\/","og_locale":"en_US","og_type":"article","og_title":"Despre - UFT Ultimate Fighting Tournament MMA Romania","og_description":"Despre Ultimate Fighting Tournament Promo\u021bia UFT &#8211; Ultimate Fighting Tournament a fost \u00eenfiin\u021bat\u0103 \u00een anul 2012 de Haidu Sebastian-Ioan, Maestru Emerit al Sportului \u00een arte mar\u021biale. Haidu Sebastian este practicant de arte mar\u021biale in anul 1990, este multiplu Campion Na\u021bional, Interna\u021bional, European \u0219i Mondial la Karate. Dup\u0103 terminarea carierei de sportiv de performan\u021b\u0103 Sebastian a \u00eenfiin\u021bat Clubul Sportiv MMA Transilvania, club specializat pe artele mar\u021biale mixte. Pentru a da o \u0219ans\u0103 de promovare mult mai rapid\u0103 lupt\u0103torilor din Cluj, Transilvania si din \u021bar\u0103, pentru a oferi un cadru spectaculos \u0219i atractiv publicului a fost nevoie de apari\u021bia acestei promo\u021bii. \u00cen SUA \u0219i Asia astfel de evenimente reunesc un public de peste 100.000 de persoane la un singur eveniment. Galele UFT [&hellip;]","og_url":"https:\/\/uft.ro\/mma\/despre\/","og_site_name":"UFT Ultimate Fighting Tournament MMA Romania","article_publisher":"https:\/\/www.facebook.com\/UFT.ro","article_modified_time":"2021-07-22T08:36:50+00:00","og_image":[{"width":2560,"height":1709,"url":"https:\/\/uft.ro\/mma\/wp-content\/uploads\/2021\/07\/ION-SURDU-UFT-4-of-84-scaled.jpg","type":"image\/jpeg"}],"twitter_card":"summary_large_image","twitter_misc":{"Est. reading time":"2 minutes"},"schema":{"@context":"https:\/\/schema.org","@graph":[{"@type":"WebPage","@id":"https:\/\/uft.ro\/mma\/despre\/","url":"https:\/\/uft.ro\/mma\/despre\/","name":"Despre - UFT Ultimate Fighting Tournament MMA Romania","isPartOf":{"@id":"https:\/\/uft.ro\/mma\/#website"},"datePublished":"2021-07-13T06:28:52+00:00","dateModified":"2021-07-22T08:36:50+00:00","breadcrumb":{"@id":"https:\/\/uft.ro\/mma\/despre\/#breadcrumb"},"inLanguage":"en-US","potentialAction":[{"@type":"ReadAction","target":["https:\/\/uft.ro\/mma\/despre\/"]}]},{"@type":"BreadcrumbList","@id":"https:\/\/uft.ro\/mma\/despre\/#breadcrumb","itemListElement":[{"@type":"ListItem","position":1,"name":"Home","item":"https:\/\/uft.ro\/mma\/"},{"@type":"ListItem","position":2,"name":"Despre"}]},{"@type":"WebSite","@id":"https:\/\/uft.ro\/mma\/#website","url":"https:\/\/uft.ro\/mma\/","name":"UFT Ultimate Fighting Tournament MMA Romania","description":"MMA, Kickboxing and Grappling PRO Cage Events in Transylvania, Romania","publisher":{"@id":"https:\/\/uft.ro\/mma\/#organization"},"potentialAction":[{"@type":"SearchAction","target":{"@type":"EntryPoint","urlTemplate":"https:\/\/uft.ro\/mma\/?s={search_term_string}"},"query-input":"required name=search_term_string"}],"inLanguage":"en-US"},{"@type":"Organization","@id":"https:\/\/uft.ro\/mma\/#organization","name":"UFT Ultimate Fighting Tournament MMA Romania","url":"https:\/\/uft.ro\/mma\/","logo":{"@type":"ImageObject","inLanguage":"en-US","@id":"https:\/\/uft.ro\/mma\/#\/schema\/logo\/image\/","url":"https:\/\/uft.ro\/mma\/wp-content\/uploads\/2022\/11\/logo-uft-png.png","contentUrl":"https:\/\/uft.ro\/mma\/wp-content\/uploads\/2022\/11\/logo-uft-png.png","width":600,"height":600,"caption":"UFT Ultimate Fighting Tournament MMA Romania"},"image":{"@id":"https:\/\/uft.ro\/mma\/#\/schema\/logo\/image\/"},"sameAs":["https:\/\/www.facebook.com\/UFT.ro","https:\/\/www.youtube.com\/c\/UFTULTIMATEFIGHTINGTOURNAMENTMMARomania"]}]}},"_links":{"self":[{"href":"https:\/\/uft.ro\/mma\/wp-json\/wp\/v2\/pages\/659"}],"collection":[{"href":"https:\/\/uft.ro\/mma\/wp-json\/wp\/v2\/pages"}],"about":[{"href":"https:\/\/uft.ro\/mma\/wp-json\/wp\/v2\/types\/page"}],"author":[{"embeddable":true,"href":"https:\/\/uft.ro\/mma\/wp-json\/wp\/v2\/users\/1"}],"replies":[{"embeddable":true,"href":"https:\/\/uft.ro\/mma\/wp-json\/wp\/v2\/comments?post=659"}],"version-history":[{"count":16,"href":"https:\/\/uft.ro\/mma\/wp-json\/wp\/v2\/pages\/659\/revisions"}],"predecessor-version":[{"id":892,"href":"https:\/\/uft.ro\/mma\/wp-json\/wp\/v2\/pages\/659\/revisions\/892"}],"wp:featuredmedia":[{"embeddable":true,"href":"https:\/\/uft.ro\/mma\/wp-json\/wp\/v2\/media\/660"}],"wp:attachment":[{"href":"https:\/\/uft.ro\/mma\/wp-json\/wp\/v2\/media?parent=659"}],"curies":[{"name":"wp","href":"https:\/\/api.w.org\/{rel}","templated":true}]}}